{"id":793,"date":"2023-12-02T20:11:57","date_gmt":"2023-12-02T20:11:57","guid":{"rendered":"https:\/\/test.elmayorista.mx\/?post_type=product&#038;p=793"},"modified":"2023-12-02T20:11:58","modified_gmt":"2023-12-02T20:11:58","slug":"cocktail-hipnotic-vodka-y-cognac-750-ml","status":"publish","type":"product","link":"https:\/\/test.elmayorista.mx\/?product=cocktail-hipnotic-vodka-y-cognac-750-ml","title":{"rendered":"COCKTAIL HIPNOTIC VODKA Y COGNAC 750 ML"},"content":{"rendered":"<div class=\"row\">\n<div class=\"col-md-12\">\n<div class=\"tab-content\">\n<div id=\"tab-description\" class=\"tab-pane active\">\n<p><span style=\"font-family: Arial;\"><b>Tipo de bebida:\u00a0<\/b>Cocktail mezclado<br \/>\n<b>Etiqueta<\/b>: Hpnotiq<br \/>\n<b>Volumen de alcohol:\u00a0<\/b>17 %.<br \/>\n<b>Pa\u00eds de origen:<\/b>\u00a0Estados Unidos<br \/>\n<b>Contenido<\/b>: 750 ml.<br \/>\n<b>Presentaci\u00f3n de venta:\u00a0<\/b>Botella.<\/span><\/p>\n<p><span style=\"font-family: Arial;\">Es un cocktail hecho a base de vodka premium, una mezcla de frutas ex\u00f3ticas entre las que destaca el maracuy\u00e1 (fruta de la pasi\u00f3n), la naranja y el blueberry (el cual le da su peculiar color azul) junto con un toque de cognac franc\u00e9s.<\/span><\/p>\n<\/div>\n<\/div>\n<\/div>\n<\/div>\n<div><\/div>\n","protected":false},"excerpt":{"rendered":"<p>Tipo de bebida:\u00a0Cocktail mezclado Etiqueta: Hpnotiq Volumen de alcohol:\u00a017 %. Pa\u00eds de origen:\u00a0Estados Unidos Contenido: 750 ml. Presentaci\u00f3n de venta:\u00a0Botella. Es un cocktail hecho a base de vodka premium, una mezcla de frutas ex\u00f3ticas entre las que destaca el maracuy\u00e1 (fruta de la pasi\u00f3n), la naranja y el blueberry (el cual le da su peculiar &hellip;<\/p>\n<p class=\"read-more\"> <a class=\"\" href=\"https:\/\/test.elmayorista.mx\/?product=cocktail-hipnotic-vodka-y-cognac-750-ml\"> <span class=\"screen-reader-text\">COCKTAIL HIPNOTIC VODKA Y COGNAC 750 ML<\/span> Leer m\u00e1s &raquo;<\/a><\/p>\n","protected":false},"featured_media":794,"comment_status":"open","ping_status":"closed","template":"","meta":{"_uag_custom_page_level_css":"","site-sidebar-layout":"default","site-content-layout":"","ast-site-content-layout":"default","site-content-style":"default","site-sidebar-style":"default","ast-global-header-display":"","ast-banner-title-visibility":"","ast-main-header-display":"","ast-hfb-above-header-display":"","ast-hfb-below-header-display":"","ast-hfb-mobile-header-display":"","site-post-title":"","ast-breadcrumbs-content":"","ast-featured-img":"","footer-sml-layout":"","theme-transparent-header-meta":"default","adv-header-id-meta":"","stick-header-meta":"","header-above-stick-meta":"","header-main-stick-meta":"","header-below-stick-meta":"","astra-migrate-meta-layouts":"set","ast-page-background-enabled":"default","ast-page-background-meta":{"desktop":{"background-color":"","background-image":"","background-repeat":"repeat","background-position":"center center","background-size":"auto","background-attachment":"scroll","background-type":"","background-media":"","overlay-type":"","overlay-color":"","overlay-gradient":""},"tablet":{"background-color":"","background-image":"","background-repeat":"repeat","background-position":"center center","background-size":"auto","background-attachment":"scroll","background-type":"","background-media":"","overlay-type":"","overlay-color":"","overlay-gradient":""},"mobile":{"background-color":"","background-image":"","background-repeat":"repeat","background-position":"center center","background-size":"auto","background-attachment":"scroll","background-type":"","background-media":"","overlay-type":"","overlay-color":"","overlay-gradient":""}},"ast-content-background-meta":{"desktop":{"background-color":"var(--ast-global-color-5)","background-image":"","background-repeat":"repeat","background-position":"center center","background-size":"auto","background-attachment":"scroll","background-type":"","background-media":"","overlay-type":"","overlay-color":"","overlay-gradient":""},"tablet":{"background-color":"var(--ast-global-color-5)","background-image":"","background-repeat":"repeat","background-position":"center center","background-size":"auto","background-attachment":"scroll","background-type":"","background-media":"","overlay-type":"","overlay-color":"","overlay-gradient":""},"mobile":{"background-color":"var(--ast-global-color-5)","background-image":"","background-repeat":"repeat","background-position":"center center","background-size":"auto","background-attachment":"scroll","background-type":"","background-media":"","overlay-type":"","overlay-color":"","overlay-gradient":""}}},"product_cat":[34,39],"product_tag":[],"class_list":{"0":"post-793","1":"product","2":"type-product","3":"status-publish","4":"has-post-thumbnail","6":"product_cat-destilados","7":"product_cat-vodka","8":"desktop-align-left","9":"tablet-align-left","10":"mobile-align-left","12":"first","13":"instock","14":"shipping-taxable","15":"purchasable","16":"product-type-simple"},"uagb_featured_image_src":{"full":["https:\/\/test.elmayorista.mx\/wp-content\/uploads\/2023\/12\/LIVH5.jpg",500,1000,false],"thumbnail":["https:\/\/test.elmayorista.mx\/wp-content\/uploads\/2023\/12\/LIVH5-150x150.jpg",150,150,true],"medium":["https:\/\/test.elmayorista.mx\/wp-content\/uploads\/2023\/12\/LIVH5-150x300.jpg",150,300,true],"medium_large":["https:\/\/test.elmayorista.mx\/wp-content\/uploads\/2023\/12\/LIVH5.jpg",500,1000,false],"large":["https:\/\/test.elmayorista.mx\/wp-content\/uploads\/2023\/12\/LIVH5.jpg",500,1000,false],"1536x1536":["https:\/\/test.elmayorista.mx\/wp-content\/uploads\/2023\/12\/LIVH5.jpg",500,1000,false],"2048x2048":["https:\/\/test.elmayorista.mx\/wp-content\/uploads\/2023\/12\/LIVH5.jpg",500,1000,false],"woocommerce_thumbnail":["https:\/\/test.elmayorista.mx\/wp-content\/uploads\/2023\/12\/LIVH5-300x300.jpg",300,300,true],"woocommerce_single":["https:\/\/test.elmayorista.mx\/wp-content\/uploads\/2023\/12\/LIVH5.jpg",500,1000,false],"woocommerce_gallery_thumbnail":["https:\/\/test.elmayorista.mx\/wp-content\/uploads\/2023\/12\/LIVH5-100x100.jpg",100,100,true],"dgwt-wcas-product-suggestion":["https:\/\/test.elmayorista.mx\/wp-content\/uploads\/2023\/12\/LIVH5-64x128.jpg",64,128,true]},"uagb_author_info":{"display_name":"GerenteVentasOnline","author_link":"https:\/\/test.elmayorista.mx\/?author=0"},"uagb_comment_info":0,"uagb_excerpt":"Tipo de bebida:\u00a0Cocktail mezclado Etiqueta: Hpnotiq Volumen de alcohol:\u00a017 %. Pa\u00eds de origen:\u00a0Estados Unidos Contenido: 750 ml. Presentaci\u00f3n de venta:\u00a0Botella. Es un cocktail hecho a base de vodka premium, una mezcla de frutas ex\u00f3ticas entre las que destaca el maracuy\u00e1 (fruta de la pasi\u00f3n), la naranja y el blueberry (el cual le da su peculiar&hellip;","_links":{"self":[{"href":"https:\/\/test.elmayorista.mx\/index.php?rest_route=\/wp\/v2\/product\/793","targetHints":{"allow":["GET"]}}],"collection":[{"href":"https:\/\/test.elmayorista.mx\/index.php?rest_route=\/wp\/v2\/product"}],"about":[{"href":"https:\/\/test.elmayorista.mx\/index.php?rest_route=\/wp\/v2\/types\/product"}],"replies":[{"embeddable":true,"href":"https:\/\/test.elmayorista.mx\/index.php?rest_route=%2Fwp%2Fv2%2Fcomments&post=793"}],"wp:featuredmedia":[{"embeddable":true,"href":"https:\/\/test.elmayorista.mx\/index.php?rest_route=\/wp\/v2\/media\/794"}],"wp:attachment":[{"href":"https:\/\/test.elmayorista.mx\/index.php?rest_route=%2Fwp%2Fv2%2Fmedia&parent=793"}],"wp:term":[{"taxonomy":"product_cat","embeddable":true,"href":"https:\/\/test.elmayorista.mx\/index.php?rest_route=%2Fwp%2Fv2%2Fproduct_cat&post=793"},{"taxonomy":"product_tag","embeddable":true,"href":"https:\/\/test.elmayorista.mx\/index.php?rest_route=%2Fwp%2Fv2%2Fproduct_tag&post=793"}],"curies":[{"name":"wp","href":"https:\/\/api.w.org\/{rel}","templated":true}]}}