{"id":781,"date":"2023-12-02T19:39:57","date_gmt":"2023-12-02T19:39:57","guid":{"rendered":"https:\/\/test.elmayorista.mx\/?post_type=product&#038;p=781"},"modified":"2023-12-06T21:58:39","modified_gmt":"2023-12-06T21:58:39","slug":"tequila-antigua-cruz-anejo-cristalino-750-ml","status":"publish","type":"product","link":"https:\/\/test.elmayorista.mx\/?product=tequila-antigua-cruz-anejo-cristalino-750-ml","title":{"rendered":"TEQUILA ANTIGUA CRUZ A\u00d1EJO CRISTALINO 750 ML"},"content":{"rendered":"<div><b>Tipo de bebida:<\/b>\u00a0Tequila A\u00f1ejo Cristalino.<\/div>\n<div><b>Etiqueta<\/b>: Antigua Cruz<\/div>\n<div><b>Pa\u00eds de origen:<\/b>\u00a0M\u00e9xico<\/div>\n<div><b>Regi\u00f3n<\/b>: Arandas, Jalisco<\/div>\n<div><b>Contenido<\/b>: 750 ml.<\/div>\n<div><b>Crianza<\/b>: 2 a\u00f1os en barrica de Roble Franc\u00e9s.<\/div>\n<div><b>Presentaci\u00f3n de venta:<\/b>\u00a0Botella.<br \/>\n<span style=\"font-family: Arial;\">Es un tequila cristalino de color brillante, luminoso y limpio, con un aroma a agave fresco y un sabor amaderado ligero y notas dulces.<\/span><\/div>\n","protected":false},"excerpt":{"rendered":"<p>Tipo de bebida:\u00a0Tequila A\u00f1ejo Cristalino. Etiqueta: Antigua Cruz Pa\u00eds de origen:\u00a0M\u00e9xico Regi\u00f3n: Arandas, Jalisco Contenido: 750 ml. Crianza: 2 a\u00f1os en barrica de Roble Franc\u00e9s. Presentaci\u00f3n de venta:\u00a0Botella. Es un tequila cristalino de color brillante, luminoso y limpio, con un aroma a agave fresco y un sabor amaderado ligero y notas dulces.<\/p>\n","protected":false},"featured_media":3807,"comment_status":"open","ping_status":"closed","template":"","meta":{"_uag_custom_page_level_css":"","site-sidebar-layout":"default","site-content-layout":"","ast-site-content-layout":"default","site-content-style":"default","site-sidebar-style":"default","ast-global-header-display":"","ast-banner-title-visibility":"","ast-main-header-display":"","ast-hfb-above-header-display":"","ast-hfb-below-header-display":"","ast-hfb-mobile-header-display":"","site-post-title":"","ast-breadcrumbs-content":"","ast-featured-img":"","footer-sml-layout":"","theme-transparent-header-meta":"default","adv-header-id-meta":"","stick-header-meta":"","header-above-stick-meta":"","header-main-stick-meta":"","header-below-stick-meta":"","astra-migrate-meta-layouts":"set","ast-page-background-enabled":"default","ast-page-background-meta":{"desktop":{"background-color":"","background-image":"","background-repeat":"repeat","background-position":"center center","background-size":"auto","background-attachment":"scroll","background-type":"","background-media":"","overlay-type":"","overlay-color":"","overlay-gradient":""},"tablet":{"background-color":"","background-image":"","background-repeat":"repeat","background-position":"center center","background-size":"auto","background-attachment":"scroll","background-type":"","background-media":"","overlay-type":"","overlay-color":"","overlay-gradient":""},"mobile":{"background-color":"","background-image":"","background-repeat":"repeat","background-position":"center center","background-size":"auto","background-attachment":"scroll","background-type":"","background-media":"","overlay-type":"","overlay-color":"","overlay-gradient":""}},"ast-content-background-meta":{"desktop":{"background-color":"var(--ast-global-color-5)","background-image":"","background-repeat":"repeat","background-position":"center center","background-size":"auto","background-attachment":"scroll","background-type":"","background-media":"","overlay-type":"","overlay-color":"","overlay-gradient":""},"tablet":{"background-color":"var(--ast-global-color-5)","background-image":"","background-repeat":"repeat","background-position":"center center","background-size":"auto","background-attachment":"scroll","background-type":"","background-media":"","overlay-type":"","overlay-color":"","overlay-gradient":""},"mobile":{"background-color":"var(--ast-global-color-5)","background-image":"","background-repeat":"repeat","background-position":"center center","background-size":"auto","background-attachment":"scroll","background-type":"","background-media":"","overlay-type":"","overlay-color":"","overlay-gradient":""}}},"product_cat":[22,25],"product_tag":[],"class_list":{"0":"post-781","1":"product","2":"type-product","3":"status-publish","4":"has-post-thumbnail","6":"product_cat-tequila","7":"product_cat-tequila-cristalino","8":"desktop-align-left","9":"tablet-align-left","10":"mobile-align-left","12":"first","13":"instock","14":"shipping-taxable","15":"purchasable","16":"product-type-simple"},"uagb_featured_image_src":{"full":["https:\/\/test.elmayorista.mx\/wp-content\/uploads\/2023\/12\/TEACRI5.png",600,600,false],"thumbnail":["https:\/\/test.elmayorista.mx\/wp-content\/uploads\/2023\/12\/TEACRI5-150x150.png",150,150,true],"medium":["https:\/\/test.elmayorista.mx\/wp-content\/uploads\/2023\/12\/TEACRI5-300x300.png",300,300,true],"medium_large":["https:\/\/test.elmayorista.mx\/wp-content\/uploads\/2023\/12\/TEACRI5.png",600,600,false],"large":["https:\/\/test.elmayorista.mx\/wp-content\/uploads\/2023\/12\/TEACRI5.png",600,600,false],"1536x1536":["https:\/\/test.elmayorista.mx\/wp-content\/uploads\/2023\/12\/TEACRI5.png",600,600,false],"2048x2048":["https:\/\/test.elmayorista.mx\/wp-content\/uploads\/2023\/12\/TEACRI5.png",600,600,false],"woocommerce_thumbnail":["https:\/\/test.elmayorista.mx\/wp-content\/uploads\/2023\/12\/TEACRI5-300x300.png",300,300,true],"woocommerce_single":["https:\/\/test.elmayorista.mx\/wp-content\/uploads\/2023\/12\/TEACRI5.png",600,600,false],"woocommerce_gallery_thumbnail":["https:\/\/test.elmayorista.mx\/wp-content\/uploads\/2023\/12\/TEACRI5-100x100.png",100,100,true],"dgwt-wcas-product-suggestion":["https:\/\/test.elmayorista.mx\/wp-content\/uploads\/2023\/12\/TEACRI5-64x64.png",64,64,true]},"uagb_author_info":{"display_name":"GerenteVentasOnline","author_link":"https:\/\/test.elmayorista.mx\/?author=0"},"uagb_comment_info":0,"uagb_excerpt":"Tipo de bebida:\u00a0Tequila A\u00f1ejo Cristalino. Etiqueta: Antigua Cruz Pa\u00eds de origen:\u00a0M\u00e9xico Regi\u00f3n: Arandas, Jalisco Contenido: 750 ml. Crianza: 2 a\u00f1os en barrica de Roble Franc\u00e9s. Presentaci\u00f3n de venta:\u00a0Botella. Es un tequila cristalino de color brillante, luminoso y limpio, con un aroma a agave fresco y un sabor amaderado ligero y notas dulces.","_links":{"self":[{"href":"https:\/\/test.elmayorista.mx\/index.php?rest_route=\/wp\/v2\/product\/781","targetHints":{"allow":["GET"]}}],"collection":[{"href":"https:\/\/test.elmayorista.mx\/index.php?rest_route=\/wp\/v2\/product"}],"about":[{"href":"https:\/\/test.elmayorista.mx\/index.php?rest_route=\/wp\/v2\/types\/product"}],"replies":[{"embeddable":true,"href":"https:\/\/test.elmayorista.mx\/index.php?rest_route=%2Fwp%2Fv2%2Fcomments&post=781"}],"wp:featuredmedia":[{"embeddable":true,"href":"https:\/\/test.elmayorista.mx\/index.php?rest_route=\/wp\/v2\/media\/3807"}],"wp:attachment":[{"href":"https:\/\/test.elmayorista.mx\/index.php?rest_route=%2Fwp%2Fv2%2Fmedia&parent=781"}],"wp:term":[{"taxonomy":"product_cat","embeddable":true,"href":"https:\/\/test.elmayorista.mx\/index.php?rest_route=%2Fwp%2Fv2%2Fproduct_cat&post=781"},{"taxonomy":"product_tag","embeddable":true,"href":"https:\/\/test.elmayorista.mx\/index.php?rest_route=%2Fwp%2Fv2%2Fproduct_tag&post=781"}],"curies":[{"name":"wp","href":"https:\/\/api.w.org\/{rel}","templated":true}]}}