{"id":775,"date":"2023-12-02T19:31:27","date_gmt":"2023-12-02T19:31:27","guid":{"rendered":"https:\/\/test.elmayorista.mx\/?post_type=product&#038;p=775"},"modified":"2023-12-02T19:31:27","modified_gmt":"2023-12-02T19:31:27","slug":"champagne-dom-perignon-750-ml","status":"publish","type":"product","link":"https:\/\/test.elmayorista.mx\/?product=champagne-dom-perignon-750-ml","title":{"rendered":"CHAMPAGNE DOM PERIGNON 750 ML"},"content":{"rendered":"<p dir=\"ltr\"><span style=\"font-family: Arial;\"><b>Tipo de bebida:\u00a0<\/b>Champagne<\/span><\/p>\n<p dir=\"ltr\">\n<div><span style=\"font-family: Arial;\"><b>Etiqueta<\/b>: Dom Perignon<\/span><\/div>\n<div><span style=\"font-family: Arial;\"><b>Pa\u00eds de origen:\u00a0<\/b>Francia<br \/>\n<b>Contenido<\/b>: 750 ml<br \/>\n<\/span><\/div>\n<div><span style=\"font-family: Arial;\"><b>Presentaci\u00f3n de venta:<\/b>\u00a0Botella<\/span><\/div>\n<div><span style=\"font-family: Arial;\">\u00a0<\/span><\/div>\n<div><span style=\"font-family: Arial;\">Dom P\u00e9rignon Vintage se elabora exclusivamente a partir de las mejores uvas de un \u00fanico a\u00f1o, reinvent\u00e1ndose a s\u00ed mismo mediante la interpretaci\u00f3n del singular car\u00e1cter de las estaciones y atrevi\u00e9ndose a no elaborar un Vintage si la cosecha no cumple las elevadas expectativas. Tras un m\u00ednimo de ocho a\u00f1os de crianza en bodega, el vino alcanza el equilibrio perfecto que representa Dom P\u00e9rignon, su mayor promesa. As\u00ed es Dom P\u00e9rignon Vintage: la plenitud de la armon\u00eda.<\/span><\/div>\n","protected":false},"excerpt":{"rendered":"<p>Tipo de bebida:\u00a0Champagne Etiqueta: Dom Perignon Pa\u00eds de origen:\u00a0Francia Contenido: 750 ml Presentaci\u00f3n de venta:\u00a0Botella \u00a0 Dom P\u00e9rignon Vintage se elabora exclusivamente a partir de las mejores uvas de un \u00fanico a\u00f1o, reinvent\u00e1ndose a s\u00ed mismo mediante la interpretaci\u00f3n del singular car\u00e1cter de las estaciones y atrevi\u00e9ndose a no elaborar un Vintage si la cosecha &hellip;<\/p>\n<p class=\"read-more\"> <a class=\"\" href=\"https:\/\/test.elmayorista.mx\/?product=champagne-dom-perignon-750-ml\"> <span class=\"screen-reader-text\">CHAMPAGNE DOM PERIGNON 750 ML<\/span> Leer m\u00e1s &raquo;<\/a><\/p>\n","protected":false},"featured_media":776,"comment_status":"open","ping_status":"closed","template":"","meta":{"_uag_custom_page_level_css":"","site-sidebar-layout":"default","site-content-layout":"","ast-site-content-layout":"default","site-content-style":"default","site-sidebar-style":"default","ast-global-header-display":"","ast-banner-title-visibility":"","ast-main-header-display":"","ast-hfb-above-header-display":"","ast-hfb-below-header-display":"","ast-hfb-mobile-header-display":"","site-post-title":"","ast-breadcrumbs-content":"","ast-featured-img":"","footer-sml-layout":"","theme-transparent-header-meta":"default","adv-header-id-meta":"","stick-header-meta":"","header-above-stick-meta":"","header-main-stick-meta":"","header-below-stick-meta":"","astra-migrate-meta-layouts":"set","ast-page-background-enabled":"default","ast-page-background-meta":{"desktop":{"background-color":"","background-image":"","background-repeat":"repeat","background-position":"center center","background-size":"auto","background-attachment":"scroll","background-type":"","background-media":"","overlay-type":"","overlay-color":"","overlay-gradient":""},"tablet":{"background-color":"","background-image":"","background-repeat":"repeat","background-position":"center center","background-size":"auto","background-attachment":"scroll","background-type":"","background-media":"","overlay-type":"","overlay-color":"","overlay-gradient":""},"mobile":{"background-color":"","background-image":"","background-repeat":"repeat","background-position":"center center","background-size":"auto","background-attachment":"scroll","background-type":"","background-media":"","overlay-type":"","overlay-color":"","overlay-gradient":""}},"ast-content-background-meta":{"desktop":{"background-color":"var(--ast-global-color-5)","background-image":"","background-repeat":"repeat","background-position":"center center","background-size":"auto","background-attachment":"scroll","background-type":"","background-media":"","overlay-type":"","overlay-color":"","overlay-gradient":""},"tablet":{"background-color":"var(--ast-global-color-5)","background-image":"","background-repeat":"repeat","background-position":"center center","background-size":"auto","background-attachment":"scroll","background-type":"","background-media":"","overlay-type":"","overlay-color":"","overlay-gradient":""},"mobile":{"background-color":"var(--ast-global-color-5)","background-image":"","background-repeat":"repeat","background-position":"center center","background-size":"auto","background-attachment":"scroll","background-type":"","background-media":"","overlay-type":"","overlay-color":"","overlay-gradient":""}}},"product_cat":[28,33],"product_tag":[],"class_list":{"0":"post-775","1":"product","2":"type-product","3":"status-publish","4":"has-post-thumbnail","6":"product_cat-vino","7":"product_cat-vino-espumoso-champagne","8":"desktop-align-left","9":"tablet-align-left","10":"mobile-align-left","12":"first","13":"instock","14":"shipping-taxable","15":"purchasable","16":"product-type-simple"},"uagb_featured_image_src":{"full":["https:\/\/test.elmayorista.mx\/wp-content\/uploads\/2023\/12\/CHMD5.jpg",500,500,false],"thumbnail":["https:\/\/test.elmayorista.mx\/wp-content\/uploads\/2023\/12\/CHMD5-150x150.jpg",150,150,true],"medium":["https:\/\/test.elmayorista.mx\/wp-content\/uploads\/2023\/12\/CHMD5-300x300.jpg",300,300,true],"medium_large":["https:\/\/test.elmayorista.mx\/wp-content\/uploads\/2023\/12\/CHMD5.jpg",500,500,false],"large":["https:\/\/test.elmayorista.mx\/wp-content\/uploads\/2023\/12\/CHMD5.jpg",500,500,false],"1536x1536":["https:\/\/test.elmayorista.mx\/wp-content\/uploads\/2023\/12\/CHMD5.jpg",500,500,false],"2048x2048":["https:\/\/test.elmayorista.mx\/wp-content\/uploads\/2023\/12\/CHMD5.jpg",500,500,false],"woocommerce_thumbnail":["https:\/\/test.elmayorista.mx\/wp-content\/uploads\/2023\/12\/CHMD5-300x300.jpg",300,300,true],"woocommerce_single":["https:\/\/test.elmayorista.mx\/wp-content\/uploads\/2023\/12\/CHMD5.jpg",500,500,false],"woocommerce_gallery_thumbnail":["https:\/\/test.elmayorista.mx\/wp-content\/uploads\/2023\/12\/CHMD5-100x100.jpg",100,100,true],"dgwt-wcas-product-suggestion":["https:\/\/test.elmayorista.mx\/wp-content\/uploads\/2023\/12\/CHMD5-64x64.jpg",64,64,true]},"uagb_author_info":{"display_name":"GerenteVentasOnline","author_link":"https:\/\/test.elmayorista.mx\/?author=0"},"uagb_comment_info":0,"uagb_excerpt":"Tipo de bebida:\u00a0Champagne Etiqueta: Dom Perignon Pa\u00eds de origen:\u00a0Francia Contenido: 750 ml Presentaci\u00f3n de venta:\u00a0Botella \u00a0 Dom P\u00e9rignon Vintage se elabora exclusivamente a partir de las mejores uvas de un \u00fanico a\u00f1o, reinvent\u00e1ndose a s\u00ed mismo mediante la interpretaci\u00f3n del singular car\u00e1cter de las estaciones y atrevi\u00e9ndose a no elaborar un Vintage si la cosecha&hellip;","_links":{"self":[{"href":"https:\/\/test.elmayorista.mx\/index.php?rest_route=\/wp\/v2\/product\/775","targetHints":{"allow":["GET"]}}],"collection":[{"href":"https:\/\/test.elmayorista.mx\/index.php?rest_route=\/wp\/v2\/product"}],"about":[{"href":"https:\/\/test.elmayorista.mx\/index.php?rest_route=\/wp\/v2\/types\/product"}],"replies":[{"embeddable":true,"href":"https:\/\/test.elmayorista.mx\/index.php?rest_route=%2Fwp%2Fv2%2Fcomments&post=775"}],"wp:featuredmedia":[{"embeddable":true,"href":"https:\/\/test.elmayorista.mx\/index.php?rest_route=\/wp\/v2\/media\/776"}],"wp:attachment":[{"href":"https:\/\/test.elmayorista.mx\/index.php?rest_route=%2Fwp%2Fv2%2Fmedia&parent=775"}],"wp:term":[{"taxonomy":"product_cat","embeddable":true,"href":"https:\/\/test.elmayorista.mx\/index.php?rest_route=%2Fwp%2Fv2%2Fproduct_cat&post=775"},{"taxonomy":"product_tag","embeddable":true,"href":"https:\/\/test.elmayorista.mx\/index.php?rest_route=%2Fwp%2Fv2%2Fproduct_tag&post=775"}],"curies":[{"name":"wp","href":"https:\/\/api.w.org\/{rel}","templated":true}]}}