{"id":2938,"date":"2023-12-05T19:40:11","date_gmt":"2023-12-05T19:40:11","guid":{"rendered":"https:\/\/test.elmayorista.mx\/?product=tequila-3-caballos-blanco-1000-ml-con-promo"},"modified":"2023-12-06T17:00:45","modified_gmt":"2023-12-06T17:00:45","slug":"tequila-3-caballos-blanco-1000-ml-con-promo","status":"publish","type":"product","link":"https:\/\/test.elmayorista.mx\/?product=tequila-3-caballos-blanco-1000-ml-con-promo","title":{"rendered":"TEQUILA 3 CABALLOS BLANCO 1000 ML CON PROMO"},"content":{"rendered":"<p><strong>Tipo de bebida:<\/strong> Tequila Blanco<br \/>\n<strong>Etiqueta:<\/strong> 3 Caballos Blanco<br \/>\n<strong>Volumen de alcohol:<\/strong> 38 %<br \/>\n<strong>Pa\u00eds de origen:<\/strong> M\u00e9xico<br \/>\n<strong>Regi\u00f3n o Subregi\u00f3n:<\/strong> Jalisco<br \/>\n<strong>Contenido:<\/strong> 1000 ml.<br \/>\n<strong>Crianza:<\/strong> Sin Crianza<br \/>\n<strong>Presentaci\u00f3n de venta:<\/strong> Botella.<br \/>\nEl aroma que desprende la botella nada m\u00e1s abrirse es a pi\u00f1a y yogur a la que se le distinguen otros ligeros perfumes a turr\u00f3n y pimiento amarillo. Su sabor es suave y afrutado, con un cuerpo de textura sedosa.<\/p>\n","protected":false},"excerpt":{"rendered":"<p>Tipo de bebida: Tequila Blanco Etiqueta: 3 Caballos Blanco Volumen de alcohol: 38 % Pa\u00eds de origen: M\u00e9xico Regi\u00f3n o Subregi\u00f3n: Jalisco Contenido: 1000 ml. Crianza: Sin Crianza Presentaci\u00f3n de venta: Botella. El aroma que desprende la botella nada m\u00e1s abrirse es a pi\u00f1a y yogur a la que se le distinguen otros ligeros perfumes &hellip;<\/p>\n<p class=\"read-more\"> <a class=\"\" href=\"https:\/\/test.elmayorista.mx\/?product=tequila-3-caballos-blanco-1000-ml-con-promo\"> <span class=\"screen-reader-text\">TEQUILA 3 CABALLOS BLANCO 1000 ML CON PROMO<\/span> Leer m\u00e1s &raquo;<\/a><\/p>\n","protected":false},"featured_media":3654,"comment_status":"open","ping_status":"closed","template":"","meta":{"_uag_custom_page_level_css":"","site-sidebar-layout":"default","site-content-layout":"","ast-site-content-layout":"default","site-content-style":"default","site-sidebar-style":"default","ast-global-header-display":"","ast-banner-title-visibility":"","ast-main-header-display":"","ast-hfb-above-header-display":"","ast-hfb-below-header-display":"","ast-hfb-mobile-header-display":"","site-post-title":"","ast-breadcrumbs-content":"","ast-featured-img":"","footer-sml-layout":"","theme-transparent-header-meta":"default","adv-header-id-meta":"","stick-header-meta":"","header-above-stick-meta":"","header-main-stick-meta":"","header-below-stick-meta":"","astra-migrate-meta-layouts":"set","ast-page-background-enabled":"default","ast-page-background-meta":{"desktop":{"background-color":"","background-image":"","background-repeat":"repeat","background-position":"center center","background-size":"auto","background-attachment":"scroll","background-type":"","background-media":"","overlay-type":"","overlay-color":"","overlay-gradient":""},"tablet":{"background-color":"","background-image":"","background-repeat":"repeat","background-position":"center center","background-size":"auto","background-attachment":"scroll","background-type":"","background-media":"","overlay-type":"","overlay-color":"","overlay-gradient":""},"mobile":{"background-color":"","background-image":"","background-repeat":"repeat","background-position":"center center","background-size":"auto","background-attachment":"scroll","background-type":"","background-media":"","overlay-type":"","overlay-color":"","overlay-gradient":""}},"ast-content-background-meta":{"desktop":{"background-color":"var(--ast-global-color-5)","background-image":"","background-repeat":"repeat","background-position":"center center","background-size":"auto","background-attachment":"scroll","background-type":"","background-media":"","overlay-type":"","overlay-color":"","overlay-gradient":""},"tablet":{"background-color":"var(--ast-global-color-5)","background-image":"","background-repeat":"repeat","background-position":"center center","background-size":"auto","background-attachment":"scroll","background-type":"","background-media":"","overlay-type":"","overlay-color":"","overlay-gradient":""},"mobile":{"background-color":"var(--ast-global-color-5)","background-image":"","background-repeat":"repeat","background-position":"center center","background-size":"auto","background-attachment":"scroll","background-type":"","background-media":"","overlay-type":"","overlay-color":"","overlay-gradient":""}}},"product_cat":[22,23],"product_tag":[],"class_list":{"0":"post-2938","1":"product","2":"type-product","3":"status-publish","4":"has-post-thumbnail","6":"product_cat-tequila","7":"product_cat-tequila-blanco","8":"desktop-align-left","9":"tablet-align-left","10":"mobile-align-left","12":"first","13":"instock","14":"shipping-taxable","15":"purchasable","16":"product-type-simple"},"uagb_featured_image_src":{"full":["https:\/\/test.elmayorista.mx\/wp-content\/uploads\/2023\/12\/XPCABALLO-2.png",600,600,false],"thumbnail":["https:\/\/test.elmayorista.mx\/wp-content\/uploads\/2023\/12\/XPCABALLO-2-150x150.png",150,150,true],"medium":["https:\/\/test.elmayorista.mx\/wp-content\/uploads\/2023\/12\/XPCABALLO-2-300x300.png",300,300,true],"medium_large":["https:\/\/test.elmayorista.mx\/wp-content\/uploads\/2023\/12\/XPCABALLO-2.png",600,600,false],"large":["https:\/\/test.elmayorista.mx\/wp-content\/uploads\/2023\/12\/XPCABALLO-2.png",600,600,false],"1536x1536":["https:\/\/test.elmayorista.mx\/wp-content\/uploads\/2023\/12\/XPCABALLO-2.png",600,600,false],"2048x2048":["https:\/\/test.elmayorista.mx\/wp-content\/uploads\/2023\/12\/XPCABALLO-2.png",600,600,false],"woocommerce_thumbnail":["https:\/\/test.elmayorista.mx\/wp-content\/uploads\/2023\/12\/XPCABALLO-2-300x300.png",300,300,true],"woocommerce_single":["https:\/\/test.elmayorista.mx\/wp-content\/uploads\/2023\/12\/XPCABALLO-2.png",600,600,false],"woocommerce_gallery_thumbnail":["https:\/\/test.elmayorista.mx\/wp-content\/uploads\/2023\/12\/XPCABALLO-2-100x100.png",100,100,true],"dgwt-wcas-product-suggestion":["https:\/\/test.elmayorista.mx\/wp-content\/uploads\/2023\/12\/XPCABALLO-2-64x64.png",64,64,true]},"uagb_author_info":{"display_name":"GerenteVentasOnline","author_link":"https:\/\/test.elmayorista.mx\/?author=0"},"uagb_comment_info":0,"uagb_excerpt":"Tipo de bebida: Tequila Blanco Etiqueta: 3 Caballos Blanco Volumen de alcohol: 38 % Pa\u00eds de origen: M\u00e9xico Regi\u00f3n o Subregi\u00f3n: Jalisco Contenido: 1000 ml. Crianza: Sin Crianza Presentaci\u00f3n de venta: Botella. El aroma que desprende la botella nada m\u00e1s abrirse es a pi\u00f1a y yogur a la que se le distinguen otros ligeros perfumes&hellip;","_links":{"self":[{"href":"https:\/\/test.elmayorista.mx\/index.php?rest_route=\/wp\/v2\/product\/2938","targetHints":{"allow":["GET"]}}],"collection":[{"href":"https:\/\/test.elmayorista.mx\/index.php?rest_route=\/wp\/v2\/product"}],"about":[{"href":"https:\/\/test.elmayorista.mx\/index.php?rest_route=\/wp\/v2\/types\/product"}],"replies":[{"embeddable":true,"href":"https:\/\/test.elmayorista.mx\/index.php?rest_route=%2Fwp%2Fv2%2Fcomments&post=2938"}],"wp:featuredmedia":[{"embeddable":true,"href":"https:\/\/test.elmayorista.mx\/index.php?rest_route=\/wp\/v2\/media\/3654"}],"wp:attachment":[{"href":"https:\/\/test.elmayorista.mx\/index.php?rest_route=%2Fwp%2Fv2%2Fmedia&parent=2938"}],"wp:term":[{"taxonomy":"product_cat","embeddable":true,"href":"https:\/\/test.elmayorista.mx\/index.php?rest_route=%2Fwp%2Fv2%2Fproduct_cat&post=2938"},{"taxonomy":"product_tag","embeddable":true,"href":"https:\/\/test.elmayorista.mx\/index.php?rest_route=%2Fwp%2Fv2%2Fproduct_tag&post=2938"}],"curies":[{"name":"wp","href":"https:\/\/api.w.org\/{rel}","templated":true}]}}