{"id":2929,"date":"2023-12-05T19:40:02","date_gmt":"2023-12-05T19:40:02","guid":{"rendered":"https:\/\/test.elmayorista.mx\/?product=tequila-espolon-blanco-750-ml-con-promo"},"modified":"2023-12-06T18:46:46","modified_gmt":"2023-12-06T18:46:46","slug":"tequila-espolon-blanco-750-ml-con-promo","status":"publish","type":"product","link":"https:\/\/test.elmayorista.mx\/?product=tequila-espolon-blanco-750-ml-con-promo","title":{"rendered":"TEQUILA ESPOLON BLANCO 750 ML CON PROMO"},"content":{"rendered":"<div><b>Tipo de bebida:<\/b>\u00a0Tequila Blanco<\/div>\n<div><b>Etiqueta<\/b>: Espol\u00f3n<\/div>\n<div><b>Volumen de alcohol:\u00a0<\/b>38 %.<\/div>\n<div><b>Pa\u00eds de origen:<\/b>\u00a0M\u00e9xico<\/div>\n<div><b>Regi\u00f3n o Subregi\u00f3n:<\/b>\u00a0Los Altos de Jalisco, Jalisco<\/div>\n<div><b>Contenido<\/b>: 750 ml.<\/div>\n<div><b>Crianza<\/b>: Sin crianza<\/div>\n<div><b>Presentaci\u00f3n de venta:<\/b>\u00a0Botella.<\/div>\n<p><span style=\"font-family: Arial;\">De color claro con un toque platinado. Se perciben aromas delicados de agave dulce, notas florarles, frutas tropicales y ralladura de lim\u00f3n con una pizca de pimienta. En boca se percibe suave, de cuerpo ligero a medio con un radiante sabor a agave y notas de pimienta, vainilla y pi\u00f1a. Final elegante y limpio que termina con un ligero toque de especias.<\/span><\/p>\n","protected":false},"excerpt":{"rendered":"<p>Tipo de bebida:\u00a0Tequila Blanco Etiqueta: Espol\u00f3n Volumen de alcohol:\u00a038 %. Pa\u00eds de origen:\u00a0M\u00e9xico Regi\u00f3n o Subregi\u00f3n:\u00a0Los Altos de Jalisco, Jalisco Contenido: 750 ml. Crianza: Sin crianza Presentaci\u00f3n de venta:\u00a0Botella. De color claro con un toque platinado. Se perciben aromas delicados de agave dulce, notas florarles, frutas tropicales y ralladura de lim\u00f3n con una pizca de &hellip;<\/p>\n<p class=\"read-more\"> <a class=\"\" href=\"https:\/\/test.elmayorista.mx\/?product=tequila-espolon-blanco-750-ml-con-promo\"> <span class=\"screen-reader-text\">TEQUILA ESPOLON BLANCO 750 ML CON PROMO<\/span> Leer m\u00e1s &raquo;<\/a><\/p>\n","protected":false},"featured_media":3711,"comment_status":"open","ping_status":"closed","template":"","meta":{"_uag_custom_page_level_css":"","site-sidebar-layout":"default","site-content-layout":"","ast-site-content-layout":"default","site-content-style":"default","site-sidebar-style":"default","ast-global-header-display":"","ast-banner-title-visibility":"","ast-main-header-display":"","ast-hfb-above-header-display":"","ast-hfb-below-header-display":"","ast-hfb-mobile-header-display":"","site-post-title":"","ast-breadcrumbs-content":"","ast-featured-img":"","footer-sml-layout":"","theme-transparent-header-meta":"default","adv-header-id-meta":"","stick-header-meta":"","header-above-stick-meta":"","header-main-stick-meta":"","header-below-stick-meta":"","astra-migrate-meta-layouts":"set","ast-page-background-enabled":"default","ast-page-background-meta":{"desktop":{"background-color":"","background-image":"","background-repeat":"repeat","background-position":"center center","background-size":"auto","background-attachment":"scroll","background-type":"","background-media":"","overlay-type":"","overlay-color":"","overlay-gradient":""},"tablet":{"background-color":"","background-image":"","background-repeat":"repeat","background-position":"center center","background-size":"auto","background-attachment":"scroll","background-type":"","background-media":"","overlay-type":"","overlay-color":"","overlay-gradient":""},"mobile":{"background-color":"","background-image":"","background-repeat":"repeat","background-position":"center center","background-size":"auto","background-attachment":"scroll","background-type":"","background-media":"","overlay-type":"","overlay-color":"","overlay-gradient":""}},"ast-content-background-meta":{"desktop":{"background-color":"var(--ast-global-color-5)","background-image":"","background-repeat":"repeat","background-position":"center center","background-size":"auto","background-attachment":"scroll","background-type":"","background-media":"","overlay-type":"","overlay-color":"","overlay-gradient":""},"tablet":{"background-color":"var(--ast-global-color-5)","background-image":"","background-repeat":"repeat","background-position":"center center","background-size":"auto","background-attachment":"scroll","background-type":"","background-media":"","overlay-type":"","overlay-color":"","overlay-gradient":""},"mobile":{"background-color":"var(--ast-global-color-5)","background-image":"","background-repeat":"repeat","background-position":"center center","background-size":"auto","background-attachment":"scroll","background-type":"","background-media":"","overlay-type":"","overlay-color":"","overlay-gradient":""}}},"product_cat":[22,23],"product_tag":[],"class_list":{"0":"post-2929","1":"product","2":"type-product","3":"status-publish","4":"has-post-thumbnail","6":"product_cat-tequila","7":"product_cat-tequila-blanco","8":"desktop-align-left","9":"tablet-align-left","10":"mobile-align-left","12":"first","13":"instock","14":"shipping-taxable","15":"purchasable","16":"product-type-simple"},"uagb_featured_image_src":{"full":["https:\/\/test.elmayorista.mx\/wp-content\/uploads\/2023\/12\/TESPB5P.png",600,600,false],"thumbnail":["https:\/\/test.elmayorista.mx\/wp-content\/uploads\/2023\/12\/TESPB5P-150x150.png",150,150,true],"medium":["https:\/\/test.elmayorista.mx\/wp-content\/uploads\/2023\/12\/TESPB5P-300x300.png",300,300,true],"medium_large":["https:\/\/test.elmayorista.mx\/wp-content\/uploads\/2023\/12\/TESPB5P.png",600,600,false],"large":["https:\/\/test.elmayorista.mx\/wp-content\/uploads\/2023\/12\/TESPB5P.png",600,600,false],"1536x1536":["https:\/\/test.elmayorista.mx\/wp-content\/uploads\/2023\/12\/TESPB5P.png",600,600,false],"2048x2048":["https:\/\/test.elmayorista.mx\/wp-content\/uploads\/2023\/12\/TESPB5P.png",600,600,false],"woocommerce_thumbnail":["https:\/\/test.elmayorista.mx\/wp-content\/uploads\/2023\/12\/TESPB5P-300x300.png",300,300,true],"woocommerce_single":["https:\/\/test.elmayorista.mx\/wp-content\/uploads\/2023\/12\/TESPB5P.png",600,600,false],"woocommerce_gallery_thumbnail":["https:\/\/test.elmayorista.mx\/wp-content\/uploads\/2023\/12\/TESPB5P-100x100.png",100,100,true],"dgwt-wcas-product-suggestion":["https:\/\/test.elmayorista.mx\/wp-content\/uploads\/2023\/12\/TESPB5P-64x64.png",64,64,true]},"uagb_author_info":{"display_name":"GerenteVentasOnline","author_link":"https:\/\/test.elmayorista.mx\/?author=0"},"uagb_comment_info":0,"uagb_excerpt":"Tipo de bebida:\u00a0Tequila Blanco Etiqueta: Espol\u00f3n Volumen de alcohol:\u00a038 %. Pa\u00eds de origen:\u00a0M\u00e9xico Regi\u00f3n o Subregi\u00f3n:\u00a0Los Altos de Jalisco, Jalisco Contenido: 750 ml. Crianza: Sin crianza Presentaci\u00f3n de venta:\u00a0Botella. De color claro con un toque platinado. Se perciben aromas delicados de agave dulce, notas florarles, frutas tropicales y ralladura de lim\u00f3n con una pizca de&hellip;","_links":{"self":[{"href":"https:\/\/test.elmayorista.mx\/index.php?rest_route=\/wp\/v2\/product\/2929","targetHints":{"allow":["GET"]}}],"collection":[{"href":"https:\/\/test.elmayorista.mx\/index.php?rest_route=\/wp\/v2\/product"}],"about":[{"href":"https:\/\/test.elmayorista.mx\/index.php?rest_route=\/wp\/v2\/types\/product"}],"replies":[{"embeddable":true,"href":"https:\/\/test.elmayorista.mx\/index.php?rest_route=%2Fwp%2Fv2%2Fcomments&post=2929"}],"wp:featuredmedia":[{"embeddable":true,"href":"https:\/\/test.elmayorista.mx\/index.php?rest_route=\/wp\/v2\/media\/3711"}],"wp:attachment":[{"href":"https:\/\/test.elmayorista.mx\/index.php?rest_route=%2Fwp%2Fv2%2Fmedia&parent=2929"}],"wp:term":[{"taxonomy":"product_cat","embeddable":true,"href":"https:\/\/test.elmayorista.mx\/index.php?rest_route=%2Fwp%2Fv2%2Fproduct_cat&post=2929"},{"taxonomy":"product_tag","embeddable":true,"href":"https:\/\/test.elmayorista.mx\/index.php?rest_route=%2Fwp%2Fv2%2Fproduct_tag&post=2929"}],"curies":[{"name":"wp","href":"https:\/\/api.w.org\/{rel}","templated":true}]}}