{"id":2908,"date":"2023-12-05T19:39:58","date_gmt":"2023-12-05T19:39:58","guid":{"rendered":"https:\/\/test.elmayorista.mx\/?product=tequila-el-robleral-blanco-750-ml"},"modified":"2023-12-06T18:42:48","modified_gmt":"2023-12-06T18:42:48","slug":"tequila-el-robleral-blanco-750-ml","status":"publish","type":"product","link":"https:\/\/test.elmayorista.mx\/?product=tequila-el-robleral-blanco-750-ml","title":{"rendered":"TEQUILA EL ROBLERAL BLANCO 750 ML"},"content":{"rendered":"<p dir=\"ltr\"><span style=\"font-family: Arial;\"><b>Tipo de bebida:<\/b>\u00a0Tequila Blanco<br \/>\n<\/span><span style=\"font-family: Arial;\"><b>Etiqueta<\/b>: El Robleral<br \/>\n<\/span><span style=\"font-family: Arial;\"><b>Volumen de alcohol:<\/b> 38%<br \/>\n<\/span><span style=\"font-family: Arial;\"><b>Pa\u00eds de origen:<\/b>\u00a0M\u00e9xico<br \/>\n<b>Regi\u00f3n o Subregi\u00f3n:<\/b>\u00a0Jalisco<br \/>\n<b>Contenido<\/b>: 750 ml<br \/>\n<\/span><strong style=\"font-size: 16px;\">Presentaci\u00f3n de venta:\u00a0<\/strong><span style=\"font-size: 16px;\">Botella<\/span><\/p>\n<div>\n<div>\n<div><span style=\"font-family: Arial;\">A la vista: Cristalino, brillante, con toques plateados de gran cuerpo. Al olfato: Un dulce agave cocido, toques ci\u0301tricos que se complementan con delicadas notas frutales como membrillo y matices herbales. Al gusto: Suave y equilibrado dejando recuerdos frutales, ligeramente especiado de final dulce y gran permanencia.<\/span><\/div>\n<\/div>\n<\/div>\n","protected":false},"excerpt":{"rendered":"<p>Tipo de bebida:\u00a0Tequila Blanco Etiqueta: El Robleral Volumen de alcohol: 38% Pa\u00eds de origen:\u00a0M\u00e9xico Regi\u00f3n o Subregi\u00f3n:\u00a0Jalisco Contenido: 750 ml Presentaci\u00f3n de venta:\u00a0Botella A la vista: Cristalino, brillante, con toques plateados de gran cuerpo. Al olfato: Un dulce agave cocido, toques ci\u0301tricos que se complementan con delicadas notas frutales como membrillo y matices herbales. Al &hellip;<\/p>\n<p class=\"read-more\"> <a class=\"\" href=\"https:\/\/test.elmayorista.mx\/?product=tequila-el-robleral-blanco-750-ml\"> <span class=\"screen-reader-text\">TEQUILA EL ROBLERAL BLANCO 750 ML<\/span> Leer m\u00e1s &raquo;<\/a><\/p>\n","protected":false},"featured_media":3710,"comment_status":"open","ping_status":"closed","template":"","meta":{"_uag_custom_page_level_css":"","site-sidebar-layout":"default","site-content-layout":"","ast-site-content-layout":"default","site-content-style":"default","site-sidebar-style":"default","ast-global-header-display":"","ast-banner-title-visibility":"","ast-main-header-display":"","ast-hfb-above-header-display":"","ast-hfb-below-header-display":"","ast-hfb-mobile-header-display":"","site-post-title":"","ast-breadcrumbs-content":"","ast-featured-img":"","footer-sml-layout":"","theme-transparent-header-meta":"default","adv-header-id-meta":"","stick-header-meta":"","header-above-stick-meta":"","header-main-stick-meta":"","header-below-stick-meta":"","astra-migrate-meta-layouts":"set","ast-page-background-enabled":"default","ast-page-background-meta":{"desktop":{"background-color":"","background-image":"","background-repeat":"repeat","background-position":"center center","background-size":"auto","background-attachment":"scroll","background-type":"","background-media":"","overlay-type":"","overlay-color":"","overlay-gradient":""},"tablet":{"background-color":"","background-image":"","background-repeat":"repeat","background-position":"center center","background-size":"auto","background-attachment":"scroll","background-type":"","background-media":"","overlay-type":"","overlay-color":"","overlay-gradient":""},"mobile":{"background-color":"","background-image":"","background-repeat":"repeat","background-position":"center center","background-size":"auto","background-attachment":"scroll","background-type":"","background-media":"","overlay-type":"","overlay-color":"","overlay-gradient":""}},"ast-content-background-meta":{"desktop":{"background-color":"var(--ast-global-color-5)","background-image":"","background-repeat":"repeat","background-position":"center center","background-size":"auto","background-attachment":"scroll","background-type":"","background-media":"","overlay-type":"","overlay-color":"","overlay-gradient":""},"tablet":{"background-color":"var(--ast-global-color-5)","background-image":"","background-repeat":"repeat","background-position":"center center","background-size":"auto","background-attachment":"scroll","background-type":"","background-media":"","overlay-type":"","overlay-color":"","overlay-gradient":""},"mobile":{"background-color":"var(--ast-global-color-5)","background-image":"","background-repeat":"repeat","background-position":"center center","background-size":"auto","background-attachment":"scroll","background-type":"","background-media":"","overlay-type":"","overlay-color":"","overlay-gradient":""}}},"product_cat":[22,23],"product_tag":[],"class_list":{"0":"post-2908","1":"product","2":"type-product","3":"status-publish","4":"has-post-thumbnail","6":"product_cat-tequila","7":"product_cat-tequila-blanco","8":"desktop-align-left","9":"tablet-align-left","10":"mobile-align-left","12":"first","13":"instock","14":"shipping-taxable","15":"purchasable","16":"product-type-simple"},"uagb_featured_image_src":{"full":["https:\/\/test.elmayorista.mx\/wp-content\/uploads\/2023\/12\/TEEROB5.png",600,600,false],"thumbnail":["https:\/\/test.elmayorista.mx\/wp-content\/uploads\/2023\/12\/TEEROB5-150x150.png",150,150,true],"medium":["https:\/\/test.elmayorista.mx\/wp-content\/uploads\/2023\/12\/TEEROB5-300x300.png",300,300,true],"medium_large":["https:\/\/test.elmayorista.mx\/wp-content\/uploads\/2023\/12\/TEEROB5.png",600,600,false],"large":["https:\/\/test.elmayorista.mx\/wp-content\/uploads\/2023\/12\/TEEROB5.png",600,600,false],"1536x1536":["https:\/\/test.elmayorista.mx\/wp-content\/uploads\/2023\/12\/TEEROB5.png",600,600,false],"2048x2048":["https:\/\/test.elmayorista.mx\/wp-content\/uploads\/2023\/12\/TEEROB5.png",600,600,false],"woocommerce_thumbnail":["https:\/\/test.elmayorista.mx\/wp-content\/uploads\/2023\/12\/TEEROB5-300x300.png",300,300,true],"woocommerce_single":["https:\/\/test.elmayorista.mx\/wp-content\/uploads\/2023\/12\/TEEROB5.png",600,600,false],"woocommerce_gallery_thumbnail":["https:\/\/test.elmayorista.mx\/wp-content\/uploads\/2023\/12\/TEEROB5-100x100.png",100,100,true],"dgwt-wcas-product-suggestion":["https:\/\/test.elmayorista.mx\/wp-content\/uploads\/2023\/12\/TEEROB5-64x64.png",64,64,true]},"uagb_author_info":{"display_name":"GerenteVentasOnline","author_link":"https:\/\/test.elmayorista.mx\/?author=0"},"uagb_comment_info":0,"uagb_excerpt":"Tipo de bebida:\u00a0Tequila Blanco Etiqueta: El Robleral Volumen de alcohol: 38% Pa\u00eds de origen:\u00a0M\u00e9xico Regi\u00f3n o Subregi\u00f3n:\u00a0Jalisco Contenido: 750 ml Presentaci\u00f3n de venta:\u00a0Botella A la vista: Cristalino, brillante, con toques plateados de gran cuerpo. Al olfato: Un dulce agave cocido, toques ci\u0301tricos que se complementan con delicadas notas frutales como membrillo y matices herbales. Al&hellip;","_links":{"self":[{"href":"https:\/\/test.elmayorista.mx\/index.php?rest_route=\/wp\/v2\/product\/2908","targetHints":{"allow":["GET"]}}],"collection":[{"href":"https:\/\/test.elmayorista.mx\/index.php?rest_route=\/wp\/v2\/product"}],"about":[{"href":"https:\/\/test.elmayorista.mx\/index.php?rest_route=\/wp\/v2\/types\/product"}],"replies":[{"embeddable":true,"href":"https:\/\/test.elmayorista.mx\/index.php?rest_route=%2Fwp%2Fv2%2Fcomments&post=2908"}],"wp:featuredmedia":[{"embeddable":true,"href":"https:\/\/test.elmayorista.mx\/index.php?rest_route=\/wp\/v2\/media\/3710"}],"wp:attachment":[{"href":"https:\/\/test.elmayorista.mx\/index.php?rest_route=%2Fwp%2Fv2%2Fmedia&parent=2908"}],"wp:term":[{"taxonomy":"product_cat","embeddable":true,"href":"https:\/\/test.elmayorista.mx\/index.php?rest_route=%2Fwp%2Fv2%2Fproduct_cat&post=2908"},{"taxonomy":"product_tag","embeddable":true,"href":"https:\/\/test.elmayorista.mx\/index.php?rest_route=%2Fwp%2Fv2%2Fproduct_tag&post=2908"}],"curies":[{"name":"wp","href":"https:\/\/api.w.org\/{rel}","templated":true}]}}