{"id":2904,"date":"2023-12-05T19:39:57","date_gmt":"2023-12-05T19:39:57","guid":{"rendered":"https:\/\/test.elmayorista.mx\/?product=tequila-don-ramon-plata-platinum-700-ml"},"modified":"2023-12-06T18:04:40","modified_gmt":"2023-12-06T18:04:40","slug":"tequila-don-ramon-plata-platinum-700-ml","status":"publish","type":"product","link":"https:\/\/test.elmayorista.mx\/?product=tequila-don-ramon-plata-platinum-700-ml","title":{"rendered":"TEQUILA DON RAMON PLATA PLATINUM 700 ML"},"content":{"rendered":"<div><span style=\"font-family: Arial;\"><b>Tipo de bebida:<\/b>\u00a0Tequila\u00a0<\/span><\/div>\n<div><span style=\"font-family: Arial;\"><b>Etiqueta<\/b>: Tequila Don Ram\u00f3n Platinum<\/span><\/div>\n<div><span style=\"font-family: Arial;\"><b>Volumen de alcohol:<\/b>\u00a038 %.<\/span><\/div>\n<div><span style=\"font-family: Arial;\"><b>Pa\u00eds de origen:<\/b>\u00a0Jalisco, M\u00e9xico<\/span><\/div>\n<div><span style=\"font-family: Arial;\"><b>Contenido<\/b>: 750 ml.<br \/>\n<\/span><\/div>\n<div><span style=\"font-family: Arial;\"><b>Presentaci\u00f3n de venta:<\/b>\u00a0Botella.<\/span><\/div>\n<div><span style=\"font-family: Arial;\">El Tequila Don Ram\u00f3n Platinium Plata es bidestilado para alcanzar un sabor suave y espl\u00e9ndido y un perfil puro. Elaborado con 100 % agave azul de las tierras altas de Jalisco, M\u00e9xico, este licor transparente se puede describir como claro y c\u00edtrico, con delicadas notas de agave. La cosecha selectiva del agave anovillado, en el punto exacto de madurez antes de que se forme el quiote (flor), pone al descubierto la pureza inherente del plata. Un sorbo revela un toque dulce que se vuelve c\u00e1lida mineralidad.<\/span><\/div>\n","protected":false},"excerpt":{"rendered":"<p>Tipo de bebida:\u00a0Tequila\u00a0 Etiqueta: Tequila Don Ram\u00f3n Platinum Volumen de alcohol:\u00a038 %. Pa\u00eds de origen:\u00a0Jalisco, M\u00e9xico Contenido: 750 ml. Presentaci\u00f3n de venta:\u00a0Botella. El Tequila Don Ram\u00f3n Platinium Plata es bidestilado para alcanzar un sabor suave y espl\u00e9ndido y un perfil puro. Elaborado con 100 % agave azul de las tierras altas de Jalisco, M\u00e9xico, este &hellip;<\/p>\n<p class=\"read-more\"> <a class=\"\" href=\"https:\/\/test.elmayorista.mx\/?product=tequila-don-ramon-plata-platinum-700-ml\"> <span class=\"screen-reader-text\">TEQUILA DON RAMON PLATA PLATINUM 700 ML<\/span> Leer m\u00e1s &raquo;<\/a><\/p>\n","protected":false},"featured_media":3691,"comment_status":"open","ping_status":"closed","template":"","meta":{"_uag_custom_page_level_css":"","site-sidebar-layout":"default","site-content-layout":"","ast-site-content-layout":"default","site-content-style":"default","site-sidebar-style":"default","ast-global-header-display":"","ast-banner-title-visibility":"","ast-main-header-display":"","ast-hfb-above-header-display":"","ast-hfb-below-header-display":"","ast-hfb-mobile-header-display":"","site-post-title":"","ast-breadcrumbs-content":"","ast-featured-img":"","footer-sml-layout":"","theme-transparent-header-meta":"default","adv-header-id-meta":"","stick-header-meta":"","header-above-stick-meta":"","header-main-stick-meta":"","header-below-stick-meta":"","astra-migrate-meta-layouts":"set","ast-page-background-enabled":"default","ast-page-background-meta":{"desktop":{"background-color":"","background-image":"","background-repeat":"repeat","background-position":"center center","background-size":"auto","background-attachment":"scroll","background-type":"","background-media":"","overlay-type":"","overlay-color":"","overlay-gradient":""},"tablet":{"background-color":"","background-image":"","background-repeat":"repeat","background-position":"center center","background-size":"auto","background-attachment":"scroll","background-type":"","background-media":"","overlay-type":"","overlay-color":"","overlay-gradient":""},"mobile":{"background-color":"","background-image":"","background-repeat":"repeat","background-position":"center center","background-size":"auto","background-attachment":"scroll","background-type":"","background-media":"","overlay-type":"","overlay-color":"","overlay-gradient":""}},"ast-content-background-meta":{"desktop":{"background-color":"var(--ast-global-color-5)","background-image":"","background-repeat":"repeat","background-position":"center center","background-size":"auto","background-attachment":"scroll","background-type":"","background-media":"","overlay-type":"","overlay-color":"","overlay-gradient":""},"tablet":{"background-color":"var(--ast-global-color-5)","background-image":"","background-repeat":"repeat","background-position":"center center","background-size":"auto","background-attachment":"scroll","background-type":"","background-media":"","overlay-type":"","overlay-color":"","overlay-gradient":""},"mobile":{"background-color":"var(--ast-global-color-5)","background-image":"","background-repeat":"repeat","background-position":"center center","background-size":"auto","background-attachment":"scroll","background-type":"","background-media":"","overlay-type":"","overlay-color":"","overlay-gradient":""}}},"product_cat":[22,23],"product_tag":[],"class_list":{"0":"post-2904","1":"product","2":"type-product","3":"status-publish","4":"has-post-thumbnail","6":"product_cat-tequila","7":"product_cat-tequila-blanco","8":"desktop-align-left","9":"tablet-align-left","10":"mobile-align-left","12":"first","13":"instock","14":"shipping-taxable","15":"purchasable","16":"product-type-simple"},"uagb_featured_image_src":{"full":["https:\/\/test.elmayorista.mx\/wp-content\/uploads\/2023\/12\/TEDRPP5.png",600,600,false],"thumbnail":["https:\/\/test.elmayorista.mx\/wp-content\/uploads\/2023\/12\/TEDRPP5-150x150.png",150,150,true],"medium":["https:\/\/test.elmayorista.mx\/wp-content\/uploads\/2023\/12\/TEDRPP5-300x300.png",300,300,true],"medium_large":["https:\/\/test.elmayorista.mx\/wp-content\/uploads\/2023\/12\/TEDRPP5.png",600,600,false],"large":["https:\/\/test.elmayorista.mx\/wp-content\/uploads\/2023\/12\/TEDRPP5.png",600,600,false],"1536x1536":["https:\/\/test.elmayorista.mx\/wp-content\/uploads\/2023\/12\/TEDRPP5.png",600,600,false],"2048x2048":["https:\/\/test.elmayorista.mx\/wp-content\/uploads\/2023\/12\/TEDRPP5.png",600,600,false],"woocommerce_thumbnail":["https:\/\/test.elmayorista.mx\/wp-content\/uploads\/2023\/12\/TEDRPP5-300x300.png",300,300,true],"woocommerce_single":["https:\/\/test.elmayorista.mx\/wp-content\/uploads\/2023\/12\/TEDRPP5.png",600,600,false],"woocommerce_gallery_thumbnail":["https:\/\/test.elmayorista.mx\/wp-content\/uploads\/2023\/12\/TEDRPP5-100x100.png",100,100,true],"dgwt-wcas-product-suggestion":["https:\/\/test.elmayorista.mx\/wp-content\/uploads\/2023\/12\/TEDRPP5-64x64.png",64,64,true]},"uagb_author_info":{"display_name":"GerenteVentasOnline","author_link":"https:\/\/test.elmayorista.mx\/?author=0"},"uagb_comment_info":0,"uagb_excerpt":"Tipo de bebida:\u00a0Tequila\u00a0 Etiqueta: Tequila Don Ram\u00f3n Platinum Volumen de alcohol:\u00a038 %. Pa\u00eds de origen:\u00a0Jalisco, M\u00e9xico Contenido: 750 ml. Presentaci\u00f3n de venta:\u00a0Botella. El Tequila Don Ram\u00f3n Platinium Plata es bidestilado para alcanzar un sabor suave y espl\u00e9ndido y un perfil puro. Elaborado con 100 % agave azul de las tierras altas de Jalisco, M\u00e9xico, este&hellip;","_links":{"self":[{"href":"https:\/\/test.elmayorista.mx\/index.php?rest_route=\/wp\/v2\/product\/2904","targetHints":{"allow":["GET"]}}],"collection":[{"href":"https:\/\/test.elmayorista.mx\/index.php?rest_route=\/wp\/v2\/product"}],"about":[{"href":"https:\/\/test.elmayorista.mx\/index.php?rest_route=\/wp\/v2\/types\/product"}],"replies":[{"embeddable":true,"href":"https:\/\/test.elmayorista.mx\/index.php?rest_route=%2Fwp%2Fv2%2Fcomments&post=2904"}],"wp:featuredmedia":[{"embeddable":true,"href":"https:\/\/test.elmayorista.mx\/index.php?rest_route=\/wp\/v2\/media\/3691"}],"wp:attachment":[{"href":"https:\/\/test.elmayorista.mx\/index.php?rest_route=%2Fwp%2Fv2%2Fmedia&parent=2904"}],"wp:term":[{"taxonomy":"product_cat","embeddable":true,"href":"https:\/\/test.elmayorista.mx\/index.php?rest_route=%2Fwp%2Fv2%2Fproduct_cat&post=2904"},{"taxonomy":"product_tag","embeddable":true,"href":"https:\/\/test.elmayorista.mx\/index.php?rest_route=%2Fwp%2Fv2%2Fproduct_tag&post=2904"}],"curies":[{"name":"wp","href":"https:\/\/api.w.org\/{rel}","templated":true}]}}