{"id":2900,"date":"2023-12-05T19:39:56","date_gmt":"2023-12-05T19:39:56","guid":{"rendered":"https:\/\/test.elmayorista.mx\/?product=tequila-codorniz-blanco-250-ml"},"modified":"2023-12-06T17:43:25","modified_gmt":"2023-12-06T17:43:25","slug":"tequila-codorniz-blanco-250-ml","status":"publish","type":"product","link":"https:\/\/test.elmayorista.mx\/?product=tequila-codorniz-blanco-250-ml","title":{"rendered":"TEQUILA CODORNIZ BLANCO 250 ML"},"content":{"rendered":"<p><span style=\"font-family: Arial;\"><b>Tipo de bebida:<\/b><b>\u00a0<\/b>Tequila Blanco<br \/>\n<\/span><span style=\"font-family: Arial;\"><b>Etiqueta<\/b>: Codorniz<\/span><span style=\"font-family: Arial;\"><br \/>\n<\/span><b style=\"font-style: inherit;\">Pa\u00eds de origen:<\/b><span style=\"font-size: 16px;\"> M\u00e9xico<br \/>\n<\/span><b style=\"font-style: inherit;\">Regi\u00f3n o Subregi\u00f3n:<\/b><span style=\"font-size: 16px;\"> Jalisco<br \/>\n<\/span><b style=\"font-style: inherit;\">Contenido<\/b><span style=\"font-size: 16px;\">: 250 ml<br \/>\n<\/span><b style=\"font-style: inherit;\">Presentaci\u00f3n de venta:<\/b><span style=\"font-size: 16px;\">\u00a0Botella<br \/>\n<\/span><span style=\"font-family: Arial;\">Tequila Maxximo de Codorniz refleja en su color amarillo cobrizo intenso una maduraci\u00f3n de dos meses, en barricas de roble blanco, donde ha adquirido su sabor distintivo; aroma limpio, suave y ligeramente roble; Codorniz Reposado, un tequila ligero.<\/span><\/p>\n","protected":false},"excerpt":{"rendered":"<p>Tipo de bebida:\u00a0Tequila Blanco Etiqueta: Codorniz Pa\u00eds de origen: M\u00e9xico Regi\u00f3n o Subregi\u00f3n: Jalisco Contenido: 250 ml Presentaci\u00f3n de venta:\u00a0Botella Tequila Maxximo de Codorniz refleja en su color amarillo cobrizo intenso una maduraci\u00f3n de dos meses, en barricas de roble blanco, donde ha adquirido su sabor distintivo; aroma limpio, suave y ligeramente roble; Codorniz Reposado, &hellip;<\/p>\n<p class=\"read-more\"> <a class=\"\" href=\"https:\/\/test.elmayorista.mx\/?product=tequila-codorniz-blanco-250-ml\"> <span class=\"screen-reader-text\">TEQUILA CODORNIZ BLANCO 250 ML<\/span> Leer m\u00e1s &raquo;<\/a><\/p>\n","protected":false},"featured_media":3678,"comment_status":"open","ping_status":"closed","template":"","meta":{"_uag_custom_page_level_css":"","site-sidebar-layout":"default","site-content-layout":"","ast-site-content-layout":"default","site-content-style":"default","site-sidebar-style":"default","ast-global-header-display":"","ast-banner-title-visibility":"","ast-main-header-display":"","ast-hfb-above-header-display":"","ast-hfb-below-header-display":"","ast-hfb-mobile-header-display":"","site-post-title":"","ast-breadcrumbs-content":"","ast-featured-img":"","footer-sml-layout":"","theme-transparent-header-meta":"default","adv-header-id-meta":"","stick-header-meta":"","header-above-stick-meta":"","header-main-stick-meta":"","header-below-stick-meta":"","astra-migrate-meta-layouts":"set","ast-page-background-enabled":"default","ast-page-background-meta":{"desktop":{"background-color":"","background-image":"","background-repeat":"repeat","background-position":"center center","background-size":"auto","background-attachment":"scroll","background-type":"","background-media":"","overlay-type":"","overlay-color":"","overlay-gradient":""},"tablet":{"background-color":"","background-image":"","background-repeat":"repeat","background-position":"center center","background-size":"auto","background-attachment":"scroll","background-type":"","background-media":"","overlay-type":"","overlay-color":"","overlay-gradient":""},"mobile":{"background-color":"","background-image":"","background-repeat":"repeat","background-position":"center center","background-size":"auto","background-attachment":"scroll","background-type":"","background-media":"","overlay-type":"","overlay-color":"","overlay-gradient":""}},"ast-content-background-meta":{"desktop":{"background-color":"var(--ast-global-color-5)","background-image":"","background-repeat":"repeat","background-position":"center center","background-size":"auto","background-attachment":"scroll","background-type":"","background-media":"","overlay-type":"","overlay-color":"","overlay-gradient":""},"tablet":{"background-color":"var(--ast-global-color-5)","background-image":"","background-repeat":"repeat","background-position":"center center","background-size":"auto","background-attachment":"scroll","background-type":"","background-media":"","overlay-type":"","overlay-color":"","overlay-gradient":""},"mobile":{"background-color":"var(--ast-global-color-5)","background-image":"","background-repeat":"repeat","background-position":"center center","background-size":"auto","background-attachment":"scroll","background-type":"","background-media":"","overlay-type":"","overlay-color":"","overlay-gradient":""}}},"product_cat":[22,23],"product_tag":[],"class_list":{"0":"post-2900","1":"product","2":"type-product","3":"status-publish","4":"has-post-thumbnail","6":"product_cat-tequila","7":"product_cat-tequila-blanco","8":"desktop-align-left","9":"tablet-align-left","10":"mobile-align-left","12":"first","13":"instock","14":"shipping-taxable","15":"purchasable","16":"product-type-simple"},"uagb_featured_image_src":{"full":["https:\/\/test.elmayorista.mx\/wp-content\/uploads\/2023\/12\/TECOB8.png",600,600,false],"thumbnail":["https:\/\/test.elmayorista.mx\/wp-content\/uploads\/2023\/12\/TECOB8-150x150.png",150,150,true],"medium":["https:\/\/test.elmayorista.mx\/wp-content\/uploads\/2023\/12\/TECOB8-300x300.png",300,300,true],"medium_large":["https:\/\/test.elmayorista.mx\/wp-content\/uploads\/2023\/12\/TECOB8.png",600,600,false],"large":["https:\/\/test.elmayorista.mx\/wp-content\/uploads\/2023\/12\/TECOB8.png",600,600,false],"1536x1536":["https:\/\/test.elmayorista.mx\/wp-content\/uploads\/2023\/12\/TECOB8.png",600,600,false],"2048x2048":["https:\/\/test.elmayorista.mx\/wp-content\/uploads\/2023\/12\/TECOB8.png",600,600,false],"woocommerce_thumbnail":["https:\/\/test.elmayorista.mx\/wp-content\/uploads\/2023\/12\/TECOB8-300x300.png",300,300,true],"woocommerce_single":["https:\/\/test.elmayorista.mx\/wp-content\/uploads\/2023\/12\/TECOB8.png",600,600,false],"woocommerce_gallery_thumbnail":["https:\/\/test.elmayorista.mx\/wp-content\/uploads\/2023\/12\/TECOB8-100x100.png",100,100,true],"dgwt-wcas-product-suggestion":["https:\/\/test.elmayorista.mx\/wp-content\/uploads\/2023\/12\/TECOB8-64x64.png",64,64,true]},"uagb_author_info":{"display_name":"GerenteVentasOnline","author_link":"https:\/\/test.elmayorista.mx\/?author=0"},"uagb_comment_info":0,"uagb_excerpt":"Tipo de bebida:\u00a0Tequila Blanco Etiqueta: Codorniz Pa\u00eds de origen: M\u00e9xico Regi\u00f3n o Subregi\u00f3n: Jalisco Contenido: 250 ml Presentaci\u00f3n de venta:\u00a0Botella Tequila Maxximo de Codorniz refleja en su color amarillo cobrizo intenso una maduraci\u00f3n de dos meses, en barricas de roble blanco, donde ha adquirido su sabor distintivo; aroma limpio, suave y ligeramente roble; Codorniz Reposado,&hellip;","_links":{"self":[{"href":"https:\/\/test.elmayorista.mx\/index.php?rest_route=\/wp\/v2\/product\/2900","targetHints":{"allow":["GET"]}}],"collection":[{"href":"https:\/\/test.elmayorista.mx\/index.php?rest_route=\/wp\/v2\/product"}],"about":[{"href":"https:\/\/test.elmayorista.mx\/index.php?rest_route=\/wp\/v2\/types\/product"}],"replies":[{"embeddable":true,"href":"https:\/\/test.elmayorista.mx\/index.php?rest_route=%2Fwp%2Fv2%2Fcomments&post=2900"}],"wp:featuredmedia":[{"embeddable":true,"href":"https:\/\/test.elmayorista.mx\/index.php?rest_route=\/wp\/v2\/media\/3678"}],"wp:attachment":[{"href":"https:\/\/test.elmayorista.mx\/index.php?rest_route=%2Fwp%2Fv2%2Fmedia&parent=2900"}],"wp:term":[{"taxonomy":"product_cat","embeddable":true,"href":"https:\/\/test.elmayorista.mx\/index.php?rest_route=%2Fwp%2Fv2%2Fproduct_cat&post=2900"},{"taxonomy":"product_tag","embeddable":true,"href":"https:\/\/test.elmayorista.mx\/index.php?rest_route=%2Fwp%2Fv2%2Fproduct_tag&post=2900"}],"curies":[{"name":"wp","href":"https:\/\/api.w.org\/{rel}","templated":true}]}}