{"id":2872,"date":"2023-12-05T19:39:43","date_gmt":"2023-12-05T19:39:43","guid":{"rendered":"https:\/\/test.elmayorista.mx\/?product=tequila-gran-centenario-azul-baby-mango-700-ml"},"modified":"2023-12-06T19:00:42","modified_gmt":"2023-12-06T19:00:42","slug":"tequila-gran-centenario-azul-baby-mango-700-ml","status":"publish","type":"product","link":"https:\/\/test.elmayorista.mx\/?product=tequila-gran-centenario-azul-baby-mango-700-ml","title":{"rendered":"TEQUILA GRAN CENTENARIO AZUL BABY MANGO 700 ML"},"content":{"rendered":"<p dir=\"ltr\"><span style=\"font-family: Arial;\"><b>Tipo de bebida:\u00a0<\/b>Tequila Saborizado<br \/>\n<\/span><span style=\"font-family: Arial;\"><b>Etiqueta<\/b>: Azul<br \/>\n<b>Volumen de alcohol:\u00a0<\/b>30%<br \/>\n<b>Pa\u00eds de origen:\u00a0<\/b>M\u00e9xico<br \/>\n<\/span><span style=\"font-family: Arial;\"><b>Contenido<\/b>: 700 ml<br \/>\n<\/span><span style=\"font-family: Arial;\"><b>Presentaci\u00f3n de venta:<\/b>\u00a0Botella\u00a0<\/span><\/p>\n<p dir=\"ltr\"><span style=\"font-family: Arial;\">Tequila Azul Baby Mango, es un licor de tequila saborizado,est\u00e1 creado con la fusi\u00f3n de tres ingredientes ic\u00f3nicos de M\u00e9xico, las suaves notas del mango, el rey de las frutas tropicales, un toque de chamoy, dulce t\u00edpico mexicano que est\u00e1 hecho con frutas deshidratadas, chile y az\u00facar para dar ese sabor caracter\u00edstico, y por \u00faltimo la bebida m\u00e1s mexicana e ic\u00f3nica del pa\u00eds, Tequila Azul, elaborado con una cuidadosa selecci\u00f3n de agave azul tequilana weber que hacen de Baby Mango una bebida arom\u00e1tica y fresca, ideal para cualquier evento.\u00a0<\/span><\/p>\n","protected":false},"excerpt":{"rendered":"<p>Tipo de bebida:\u00a0Tequila Saborizado Etiqueta: Azul Volumen de alcohol:\u00a030% Pa\u00eds de origen:\u00a0M\u00e9xico Contenido: 700 ml Presentaci\u00f3n de venta:\u00a0Botella\u00a0 Tequila Azul Baby Mango, es un licor de tequila saborizado,est\u00e1 creado con la fusi\u00f3n de tres ingredientes ic\u00f3nicos de M\u00e9xico, las suaves notas del mango, el rey de las frutas tropicales, un toque de chamoy, dulce t\u00edpico &hellip;<\/p>\n<p class=\"read-more\"> <a class=\"\" href=\"https:\/\/test.elmayorista.mx\/?product=tequila-gran-centenario-azul-baby-mango-700-ml\"> <span class=\"screen-reader-text\">TEQUILA GRAN CENTENARIO AZUL BABY MANGO 700 ML<\/span> Leer m\u00e1s &raquo;<\/a><\/p>\n","protected":false},"featured_media":3725,"comment_status":"open","ping_status":"closed","template":"","meta":{"_uag_custom_page_level_css":"","site-sidebar-layout":"default","site-content-layout":"","ast-site-content-layout":"default","site-content-style":"default","site-sidebar-style":"default","ast-global-header-display":"","ast-banner-title-visibility":"","ast-main-header-display":"","ast-hfb-above-header-display":"","ast-hfb-below-header-display":"","ast-hfb-mobile-header-display":"","site-post-title":"","ast-breadcrumbs-content":"","ast-featured-img":"","footer-sml-layout":"","theme-transparent-header-meta":"default","adv-header-id-meta":"","stick-header-meta":"","header-above-stick-meta":"","header-main-stick-meta":"","header-below-stick-meta":"","astra-migrate-meta-layouts":"set","ast-page-background-enabled":"default","ast-page-background-meta":{"desktop":{"background-color":"","background-image":"","background-repeat":"repeat","background-position":"center center","background-size":"auto","background-attachment":"scroll","background-type":"","background-media":"","overlay-type":"","overlay-color":"","overlay-gradient":""},"tablet":{"background-color":"","background-image":"","background-repeat":"repeat","background-position":"center center","background-size":"auto","background-attachment":"scroll","background-type":"","background-media":"","overlay-type":"","overlay-color":"","overlay-gradient":""},"mobile":{"background-color":"","background-image":"","background-repeat":"repeat","background-position":"center center","background-size":"auto","background-attachment":"scroll","background-type":"","background-media":"","overlay-type":"","overlay-color":"","overlay-gradient":""}},"ast-content-background-meta":{"desktop":{"background-color":"var(--ast-global-color-5)","background-image":"","background-repeat":"repeat","background-position":"center center","background-size":"auto","background-attachment":"scroll","background-type":"","background-media":"","overlay-type":"","overlay-color":"","overlay-gradient":""},"tablet":{"background-color":"var(--ast-global-color-5)","background-image":"","background-repeat":"repeat","background-position":"center center","background-size":"auto","background-attachment":"scroll","background-type":"","background-media":"","overlay-type":"","overlay-color":"","overlay-gradient":""},"mobile":{"background-color":"var(--ast-global-color-5)","background-image":"","background-repeat":"repeat","background-position":"center center","background-size":"auto","background-attachment":"scroll","background-type":"","background-media":"","overlay-type":"","overlay-color":"","overlay-gradient":""}}},"product_cat":[22,23],"product_tag":[],"class_list":{"0":"post-2872","1":"product","2":"type-product","3":"status-publish","4":"has-post-thumbnail","6":"product_cat-tequila","7":"product_cat-tequila-blanco","8":"desktop-align-left","9":"tablet-align-left","10":"mobile-align-left","12":"first","13":"instock","14":"shipping-taxable","15":"purchasable","16":"product-type-simple"},"uagb_featured_image_src":{"full":["https:\/\/test.elmayorista.mx\/wp-content\/uploads\/2023\/12\/TEABAM5.png",600,600,false],"thumbnail":["https:\/\/test.elmayorista.mx\/wp-content\/uploads\/2023\/12\/TEABAM5-150x150.png",150,150,true],"medium":["https:\/\/test.elmayorista.mx\/wp-content\/uploads\/2023\/12\/TEABAM5-300x300.png",300,300,true],"medium_large":["https:\/\/test.elmayorista.mx\/wp-content\/uploads\/2023\/12\/TEABAM5.png",600,600,false],"large":["https:\/\/test.elmayorista.mx\/wp-content\/uploads\/2023\/12\/TEABAM5.png",600,600,false],"1536x1536":["https:\/\/test.elmayorista.mx\/wp-content\/uploads\/2023\/12\/TEABAM5.png",600,600,false],"2048x2048":["https:\/\/test.elmayorista.mx\/wp-content\/uploads\/2023\/12\/TEABAM5.png",600,600,false],"woocommerce_thumbnail":["https:\/\/test.elmayorista.mx\/wp-content\/uploads\/2023\/12\/TEABAM5-300x300.png",300,300,true],"woocommerce_single":["https:\/\/test.elmayorista.mx\/wp-content\/uploads\/2023\/12\/TEABAM5.png",600,600,false],"woocommerce_gallery_thumbnail":["https:\/\/test.elmayorista.mx\/wp-content\/uploads\/2023\/12\/TEABAM5-100x100.png",100,100,true],"dgwt-wcas-product-suggestion":["https:\/\/test.elmayorista.mx\/wp-content\/uploads\/2023\/12\/TEABAM5-64x64.png",64,64,true]},"uagb_author_info":{"display_name":"GerenteVentasOnline","author_link":"https:\/\/test.elmayorista.mx\/?author=0"},"uagb_comment_info":0,"uagb_excerpt":"Tipo de bebida:\u00a0Tequila Saborizado Etiqueta: Azul Volumen de alcohol:\u00a030% Pa\u00eds de origen:\u00a0M\u00e9xico Contenido: 700 ml Presentaci\u00f3n de venta:\u00a0Botella\u00a0 Tequila Azul Baby Mango, es un licor de tequila saborizado,est\u00e1 creado con la fusi\u00f3n de tres ingredientes ic\u00f3nicos de M\u00e9xico, las suaves notas del mango, el rey de las frutas tropicales, un toque de chamoy, dulce t\u00edpico&hellip;","_links":{"self":[{"href":"https:\/\/test.elmayorista.mx\/index.php?rest_route=\/wp\/v2\/product\/2872","targetHints":{"allow":["GET"]}}],"collection":[{"href":"https:\/\/test.elmayorista.mx\/index.php?rest_route=\/wp\/v2\/product"}],"about":[{"href":"https:\/\/test.elmayorista.mx\/index.php?rest_route=\/wp\/v2\/types\/product"}],"replies":[{"embeddable":true,"href":"https:\/\/test.elmayorista.mx\/index.php?rest_route=%2Fwp%2Fv2%2Fcomments&post=2872"}],"wp:featuredmedia":[{"embeddable":true,"href":"https:\/\/test.elmayorista.mx\/index.php?rest_route=\/wp\/v2\/media\/3725"}],"wp:attachment":[{"href":"https:\/\/test.elmayorista.mx\/index.php?rest_route=%2Fwp%2Fv2%2Fmedia&parent=2872"}],"wp:term":[{"taxonomy":"product_cat","embeddable":true,"href":"https:\/\/test.elmayorista.mx\/index.php?rest_route=%2Fwp%2Fv2%2Fproduct_cat&post=2872"},{"taxonomy":"product_tag","embeddable":true,"href":"https:\/\/test.elmayorista.mx\/index.php?rest_route=%2Fwp%2Fv2%2Fproduct_tag&post=2872"}],"curies":[{"name":"wp","href":"https:\/\/api.w.org\/{rel}","templated":true}]}}