{"id":2851,"date":"2023-12-05T19:39:32","date_gmt":"2023-12-05T19:39:32","guid":{"rendered":"https:\/\/test.elmayorista.mx\/?product=tequila-campo-azul-diamante-aejo-cristalino-750-ml"},"modified":"2023-12-06T22:06:10","modified_gmt":"2023-12-06T22:06:10","slug":"tequila-campo-azul-diamante-aejo-cristalino-750-ml","status":"publish","type":"product","link":"https:\/\/test.elmayorista.mx\/?product=tequila-campo-azul-diamante-aejo-cristalino-750-ml","title":{"rendered":"TEQUILA CAMPO AZUL DIAMANTE A\u00d1EJO CRISTALINO 750 ML"},"content":{"rendered":"<p><b><strong>Tipo de bebida:<\/strong><\/b>\u00a0Tequila A\u00f1ejo Cristalino<br \/>\n<b><strong>Etiqueta<\/strong><\/b>: Campo Azul Diamante<br \/>\n<b><strong>Volumen de alcohol:<\/strong><\/b>\u00a035%<br \/>\n<b><strong>Pa\u00eds de origen:\u00a0<\/strong><\/b>M\u00e9xico<br \/>\n<b><strong>Regi\u00f3n o Subregi\u00f3n:<\/strong><\/b>\u00a0Jalisco<br \/>\n<b><strong>Contenido<\/strong><\/b>: 750 ml<br \/>\n<b><strong>Presentaci\u00f3n de venta:<\/strong><\/b>\u00a0Botella<\/p>\n<p>Tequila Campo Azul Diamante es el resultado de un cuidadoso y u\u0301nico proceso de an\u0303ejamiento caracteri\u0301stico de nuestra casa el cual se distingue por la altura re\u0301cord en la que nuestras cavas fueron construidas (2,200 mts de altura s.n.m.m.)\u00a0El Tequila madura durante m\u00e1s de 12 meses en condiciones naturales dentro de barricas de roble blanco americano, una vez cumplido este tiempo el tequila es tratado a trave\u0301s de un complejo sistema de filtracio\u0301n que remueve totalmente el color cobre proveniente del proceso de reposo y suaviza su sabor dejando al descubierto deliciosas notas.<\/p>\n","protected":false},"excerpt":{"rendered":"<p>Tipo de bebida:\u00a0Tequila A\u00f1ejo Cristalino Etiqueta: Campo Azul Diamante Volumen de alcohol:\u00a035% Pa\u00eds de origen:\u00a0M\u00e9xico Regi\u00f3n o Subregi\u00f3n:\u00a0Jalisco Contenido: 750 ml Presentaci\u00f3n de venta:\u00a0Botella Tequila Campo Azul Diamante es el resultado de un cuidadoso y u\u0301nico proceso de an\u0303ejamiento caracteri\u0301stico de nuestra casa el cual se distingue por la altura re\u0301cord en la que nuestras &hellip;<\/p>\n<p class=\"read-more\"> <a class=\"\" href=\"https:\/\/test.elmayorista.mx\/?product=tequila-campo-azul-diamante-aejo-cristalino-750-ml\"> <span class=\"screen-reader-text\">TEQUILA CAMPO AZUL DIAMANTE A\u00d1EJO CRISTALINO 750 ML<\/span> Leer m\u00e1s &raquo;<\/a><\/p>\n","protected":false},"featured_media":3813,"comment_status":"open","ping_status":"closed","template":"","meta":{"_uag_custom_page_level_css":"","site-sidebar-layout":"default","site-content-layout":"","ast-site-content-layout":"default","site-content-style":"default","site-sidebar-style":"default","ast-global-header-display":"","ast-banner-title-visibility":"","ast-main-header-display":"","ast-hfb-above-header-display":"","ast-hfb-below-header-display":"","ast-hfb-mobile-header-display":"","site-post-title":"","ast-breadcrumbs-content":"","ast-featured-img":"","footer-sml-layout":"","theme-transparent-header-meta":"default","adv-header-id-meta":"","stick-header-meta":"","header-above-stick-meta":"","header-main-stick-meta":"","header-below-stick-meta":"","astra-migrate-meta-layouts":"set","ast-page-background-enabled":"default","ast-page-background-meta":{"desktop":{"background-color":"","background-image":"","background-repeat":"repeat","background-position":"center center","background-size":"auto","background-attachment":"scroll","background-type":"","background-media":"","overlay-type":"","overlay-color":"","overlay-gradient":""},"tablet":{"background-color":"","background-image":"","background-repeat":"repeat","background-position":"center center","background-size":"auto","background-attachment":"scroll","background-type":"","background-media":"","overlay-type":"","overlay-color":"","overlay-gradient":""},"mobile":{"background-color":"","background-image":"","background-repeat":"repeat","background-position":"center center","background-size":"auto","background-attachment":"scroll","background-type":"","background-media":"","overlay-type":"","overlay-color":"","overlay-gradient":""}},"ast-content-background-meta":{"desktop":{"background-color":"var(--ast-global-color-5)","background-image":"","background-repeat":"repeat","background-position":"center center","background-size":"auto","background-attachment":"scroll","background-type":"","background-media":"","overlay-type":"","overlay-color":"","overlay-gradient":""},"tablet":{"background-color":"var(--ast-global-color-5)","background-image":"","background-repeat":"repeat","background-position":"center center","background-size":"auto","background-attachment":"scroll","background-type":"","background-media":"","overlay-type":"","overlay-color":"","overlay-gradient":""},"mobile":{"background-color":"var(--ast-global-color-5)","background-image":"","background-repeat":"repeat","background-position":"center center","background-size":"auto","background-attachment":"scroll","background-type":"","background-media":"","overlay-type":"","overlay-color":"","overlay-gradient":""}}},"product_cat":[22,25],"product_tag":[],"class_list":{"0":"post-2851","1":"product","2":"type-product","3":"status-publish","4":"has-post-thumbnail","6":"product_cat-tequila","7":"product_cat-tequila-cristalino","8":"desktop-align-left","9":"tablet-align-left","10":"mobile-align-left","12":"first","13":"instock","14":"shipping-taxable","15":"purchasable","16":"product-type-simple"},"uagb_featured_image_src":{"full":["https:\/\/test.elmayorista.mx\/wp-content\/uploads\/2023\/12\/TECAADC5.png",600,600,false],"thumbnail":["https:\/\/test.elmayorista.mx\/wp-content\/uploads\/2023\/12\/TECAADC5-150x150.png",150,150,true],"medium":["https:\/\/test.elmayorista.mx\/wp-content\/uploads\/2023\/12\/TECAADC5-300x300.png",300,300,true],"medium_large":["https:\/\/test.elmayorista.mx\/wp-content\/uploads\/2023\/12\/TECAADC5.png",600,600,false],"large":["https:\/\/test.elmayorista.mx\/wp-content\/uploads\/2023\/12\/TECAADC5.png",600,600,false],"1536x1536":["https:\/\/test.elmayorista.mx\/wp-content\/uploads\/2023\/12\/TECAADC5.png",600,600,false],"2048x2048":["https:\/\/test.elmayorista.mx\/wp-content\/uploads\/2023\/12\/TECAADC5.png",600,600,false],"woocommerce_thumbnail":["https:\/\/test.elmayorista.mx\/wp-content\/uploads\/2023\/12\/TECAADC5-300x300.png",300,300,true],"woocommerce_single":["https:\/\/test.elmayorista.mx\/wp-content\/uploads\/2023\/12\/TECAADC5.png",600,600,false],"woocommerce_gallery_thumbnail":["https:\/\/test.elmayorista.mx\/wp-content\/uploads\/2023\/12\/TECAADC5-100x100.png",100,100,true],"dgwt-wcas-product-suggestion":["https:\/\/test.elmayorista.mx\/wp-content\/uploads\/2023\/12\/TECAADC5-64x64.png",64,64,true]},"uagb_author_info":{"display_name":"GerenteVentasOnline","author_link":"https:\/\/test.elmayorista.mx\/?author=0"},"uagb_comment_info":0,"uagb_excerpt":"Tipo de bebida:\u00a0Tequila A\u00f1ejo Cristalino Etiqueta: Campo Azul Diamante Volumen de alcohol:\u00a035% Pa\u00eds de origen:\u00a0M\u00e9xico Regi\u00f3n o Subregi\u00f3n:\u00a0Jalisco Contenido: 750 ml Presentaci\u00f3n de venta:\u00a0Botella Tequila Campo Azul Diamante es el resultado de un cuidadoso y u\u0301nico proceso de an\u0303ejamiento caracteri\u0301stico de nuestra casa el cual se distingue por la altura re\u0301cord en la que nuestras&hellip;","_links":{"self":[{"href":"https:\/\/test.elmayorista.mx\/index.php?rest_route=\/wp\/v2\/product\/2851","targetHints":{"allow":["GET"]}}],"collection":[{"href":"https:\/\/test.elmayorista.mx\/index.php?rest_route=\/wp\/v2\/product"}],"about":[{"href":"https:\/\/test.elmayorista.mx\/index.php?rest_route=\/wp\/v2\/types\/product"}],"replies":[{"embeddable":true,"href":"https:\/\/test.elmayorista.mx\/index.php?rest_route=%2Fwp%2Fv2%2Fcomments&post=2851"}],"wp:featuredmedia":[{"embeddable":true,"href":"https:\/\/test.elmayorista.mx\/index.php?rest_route=\/wp\/v2\/media\/3813"}],"wp:attachment":[{"href":"https:\/\/test.elmayorista.mx\/index.php?rest_route=%2Fwp%2Fv2%2Fmedia&parent=2851"}],"wp:term":[{"taxonomy":"product_cat","embeddable":true,"href":"https:\/\/test.elmayorista.mx\/index.php?rest_route=%2Fwp%2Fv2%2Fproduct_cat&post=2851"},{"taxonomy":"product_tag","embeddable":true,"href":"https:\/\/test.elmayorista.mx\/index.php?rest_route=%2Fwp%2Fv2%2Fproduct_tag&post=2851"}],"curies":[{"name":"wp","href":"https:\/\/api.w.org\/{rel}","templated":true}]}}